{"id":87,"date":"2025-07-04T22:54:51","date_gmt":"2025-07-04T22:54:51","guid":{"rendered":"https:\/\/taxisuances8plazas.es\/?page_id=87"},"modified":"2025-07-09T15:43:58","modified_gmt":"2025-07-09T15:43:58","slug":"inicio","status":"publish","type":"page","link":"https:\/\/taxisuances8plazas.es\/","title":{"rendered":"Inicio"},"content":{"rendered":"\t\t<div data-elementor-type=\"wp-page\" data-elementor-id=\"87\" class=\"elementor elementor-87\">\n\t\t\t\t\t\t<section class=\"elementor-section elementor-top-section elementor-element elementor-element-33cb49d00 elementor-section-boxed elementor-section-height-default elementor-section-height-default wpr-particle-no wpr-jarallax-no wpr-parallax-no wpr-sticky-section-no\" data-id=\"33cb49d00\" data-element_type=\"section\" data-settings=\"{&quot;background_background&quot;:&quot;classic&quot;}\">\n\t\t\t\t\t\t<div class=\"elementor-container elementor-column-gap-default\">\n\t\t\t\t\t<div class=\"elementor-column elementor-col-33 elementor-top-column elementor-element elementor-element-71b32f45\" data-id=\"71b32f45\" data-element_type=\"column\">\n\t\t\t<div class=\"elementor-widget-wrap elementor-element-populated\">\n\t\t\t\t\t\t<div class=\"elementor-element elementor-element-8568eb8 elementor-widget-mobile__width-inherit elementor-widget elementor-widget-image\" data-id=\"8568eb8\" data-element_type=\"widget\" data-widget_type=\"image.default\">\n\t\t\t\t\t\t\t\t\t\t\t\t\t\t\t<img fetchpriority=\"high\" decoding=\"async\" width=\"450\" height=\"275\" src=\"https:\/\/taxisuances8plazas.es\/wp-content\/uploads\/2025\/07\/Diseno-sin-titulo-15-e1751579256530.png\" class=\"attachment-full size-full wp-image-69\" alt=\"\" srcset=\"https:\/\/taxisuances8plazas.es\/wp-content\/uploads\/2025\/07\/Diseno-sin-titulo-15-e1751579256530.png 450w, https:\/\/taxisuances8plazas.es\/wp-content\/uploads\/2025\/07\/Diseno-sin-titulo-15-e1751579256530-300x183.png 300w\" sizes=\"(max-width: 450px) 100vw, 450px\" \/>\t\t\t\t\t\t\t\t\t\t\t\t\t\t\t<\/div>\n\t\t\t\t\t<\/div>\n\t\t<\/div>\n\t\t\t\t<div class=\"elementor-column elementor-col-33 elementor-top-column elementor-element elementor-element-d07a7b0 elementor-hidden-mobile\" data-id=\"d07a7b0\" data-element_type=\"column\">\n\t\t\t<div class=\"elementor-widget-wrap elementor-element-populated\">\n\t\t\t\t\t\t\t<\/div>\n\t\t<\/div>\n\t\t\t\t<div class=\"elementor-column elementor-col-33 elementor-top-column elementor-element elementor-element-25a3288\" data-id=\"25a3288\" data-element_type=\"column\">\n\t\t\t<div class=\"elementor-widget-wrap elementor-element-populated\">\n\t\t\t\t\t\t<div class=\"elementor-element elementor-element-500de07 elementor-align-center elementor-widget-tablet__width-initial elementor-tablet-align-right elementor-widget elementor-widget-button\" data-id=\"500de07\" data-element_type=\"widget\" data-widget_type=\"button.default\">\n\t\t\t\t\t\t\t\t\t\t<a class=\"elementor-button elementor-button-link elementor-size-sm\" href=\"tel:+34629762211\">\n\t\t\t\t\t\t<span class=\"elementor-button-content-wrapper\">\n\t\t\t\t\t\t\t\t\t<span class=\"elementor-button-text\">629 76 22 11<\/span>\n\t\t\t\t\t<\/span>\n\t\t\t\t\t<\/a>\n\t\t\t\t\t\t\t\t<\/div>\n\t\t\t\t\t<\/div>\n\t\t<\/div>\n\t\t\t\t\t<\/div>\n\t\t<\/section>\n\t\t\t\t<section class=\"elementor-section elementor-top-section elementor-element elementor-element-402e9cb0 elementor-section-height-min-height elementor-section-boxed elementor-section-height-default elementor-section-items-middle wpr-particle-no wpr-jarallax-no wpr-parallax-no\" data-id=\"402e9cb0\" data-element_type=\"section\" data-settings=\"{&quot;background_background&quot;:&quot;classic&quot;,&quot;shape_divider_bottom&quot;:&quot;opacity-tilt&quot;}\">\n\t\t\t\t\t\t\t<div class=\"elementor-background-overlay\"><\/div>\n\t\t\t\t\t\t<div class=\"elementor-shape elementor-shape-bottom\" aria-hidden=\"true\" data-negative=\"false\">\n\t\t\t<svg xmlns=\"http:\/\/www.w3.org\/2000\/svg\" viewBox=\"0 0 2600 131.1\" preserveAspectRatio=\"none\">\n\t<path class=\"elementor-shape-fill\" d=\"M0 0L2600 0 2600 69.1 0 0z\"\/>\n\t<path class=\"elementor-shape-fill\" style=\"opacity:0.5\" d=\"M0 0L2600 0 2600 69.1 0 69.1z\"\/>\n\t<path class=\"elementor-shape-fill\" style=\"opacity:0.25\" d=\"M2600 0L0 0 0 130.1 2600 69.1z\"\/>\n<\/svg>\t\t<\/div>\n\t\t\t\t\t<div class=\"elementor-container elementor-column-gap-default\">\n\t\t\t\t\t<div class=\"elementor-column elementor-col-50 elementor-top-column elementor-element elementor-element-4847e9bc elementor-invisible\" data-id=\"4847e9bc\" data-element_type=\"column\" data-settings=\"{&quot;animation&quot;:&quot;fadeIn&quot;}\">\n\t\t\t<div class=\"elementor-widget-wrap elementor-element-populated\">\n\t\t\t\t\t\t<div class=\"elementor-element elementor-element-6aff6ee5 elementor-widget elementor-widget-heading\" data-id=\"6aff6ee5\" data-element_type=\"widget\" data-widget_type=\"heading.default\">\n\t\t\t\t\t<h2 class=\"elementor-heading-title elementor-size-default\">SERVICIO EXCLUSIVO<\/h2>\t\t\t\t<\/div>\n\t\t\t\t<div class=\"elementor-element elementor-element-e11a51c elementor-widget__width-initial elementor-widget elementor-widget-heading\" data-id=\"e11a51c\" data-element_type=\"widget\" data-widget_type=\"heading.default\">\n\t\t\t\t\t<h2 class=\"elementor-heading-title elementor-size-default\">Taxi Premium en Suances<\/h2>\t\t\t\t<\/div>\n\t\t\t\t<div class=\"elementor-element elementor-element-ecd465 elementor-widget elementor-widget-text-editor\" data-id=\"ecd465\" data-element_type=\"widget\" data-widget_type=\"text-editor.default\">\n\t\t\t\t\t\t\t\t\t<p>Taxi en Suances 7 plazas + conductor. Mercedes Clase\u202fV ideal para grupos, familias y equipaje. Servicio de traslados al aeropuerto y rutas por Cantabria. Confort, puntualidad y atenci\u00f3n profesional garantizados.<\/p>\t\t\t\t\t\t\t\t<\/div>\n\t\t\t\t<div class=\"elementor-element elementor-element-7cfadeb4 wpr-button-icon-style-inline wpr-button-icon-position-right elementor-widget elementor-widget-wpr-button\" data-id=\"7cfadeb4\" data-element_type=\"widget\" data-widget_type=\"wpr-button.default\">\n\t\t\t\t\t\t\n\t\t\t\n\t\t\n\t\t<div class=\"wpr-button-wrap elementor-clearfix\">\n\t\t<a class=\"wpr-button wpr-button-effect wpr-button-none\" data-text=\"\" href=\"tel:+34629762211\">\n\t\t\t\n\t\t\t<span class=\"wpr-button-content\">\n\t\t\t\t\t\t\t\t\t<span class=\"wpr-button-text\">Reserva ahora<\/span>\n\t\t\t\t\t\t\t\t\n\t\t\t\t\t\t\t<\/span>\n\t\t<\/a>\n\n\t\t\t\t<\/div>\n\t\n\t\n\t\t\t\t\t<\/div>\n\t\t\t\t\t<\/div>\n\t\t<\/div>\n\t\t\t\t<div class=\"elementor-column elementor-col-50 elementor-top-column elementor-element elementor-element-74db3ed1 elementor-hidden-tablet elementor-hidden-mobile\" data-id=\"74db3ed1\" data-element_type=\"column\">\n\t\t\t<div class=\"elementor-widget-wrap\">\n\t\t\t\t\t\t\t<\/div>\n\t\t<\/div>\n\t\t\t\t\t<\/div>\n\t\t<\/section>\n\t\t\t\t<section class=\"elementor-section elementor-top-section elementor-element elementor-element-15fec6ef elementor-section-boxed elementor-section-height-default elementor-section-height-default wpr-particle-no wpr-jarallax-no wpr-parallax-no wpr-sticky-section-no\" data-id=\"15fec6ef\" data-element_type=\"section\">\n\t\t\t\t\t\t<div class=\"elementor-container elementor-column-gap-default\">\n\t\t\t\t\t<div class=\"elementor-column elementor-col-100 elementor-top-column elementor-element elementor-element-1be7ac3\" data-id=\"1be7ac3\" data-element_type=\"column\">\n\t\t\t<div class=\"elementor-widget-wrap elementor-element-populated\">\n\t\t\t\t\t\t<section class=\"elementor-section elementor-inner-section elementor-element elementor-element-15a694ae elementor-section-boxed elementor-section-height-default elementor-section-height-default wpr-particle-no wpr-jarallax-no wpr-parallax-no wpr-sticky-section-no\" data-id=\"15a694ae\" data-element_type=\"section\">\n\t\t\t\t\t\t<div class=\"elementor-container elementor-column-gap-extended\">\n\t\t\t\t\t<div class=\"elementor-column elementor-col-25 elementor-inner-column elementor-element elementor-element-6d45cb45\" data-id=\"6d45cb45\" data-element_type=\"column\">\n\t\t\t<div class=\"elementor-widget-wrap elementor-element-populated\">\n\t\t\t\t\t\t<div class=\"elementor-element elementor-element-419d7109 elementor-invisible elementor-widget elementor-widget-image-box\" data-id=\"419d7109\" data-element_type=\"widget\" data-settings=\"{&quot;_animation&quot;:&quot;zoomIn&quot;}\" data-widget_type=\"image-box.default\">\n\t\t\t\t\t<div class=\"elementor-image-box-wrapper\"><div class=\"elementor-image-box-content\"><h3 class=\"elementor-image-box-title\">Traslados para grupos<\/h3><p class=\"elementor-image-box-description\">\nViaja con total comodidad en nuestro taxi grande ideal para familias, grupos  o traslados de empresa. Con espacio para equipaje y sillas infantiles bajo demanda, disfrutar\u00e1s de un trayecto seguro hacia cualquier destino.<\/p><\/div><\/div>\t\t\t\t<\/div>\n\t\t\t\t\t<\/div>\n\t\t<\/div>\n\t\t\t\t<div class=\"elementor-column elementor-col-25 elementor-inner-column elementor-element elementor-element-20a090e\" data-id=\"20a090e\" data-element_type=\"column\">\n\t\t\t<div class=\"elementor-widget-wrap elementor-element-populated\">\n\t\t\t\t\t\t<div class=\"elementor-element elementor-element-f801ca1 elementor-invisible elementor-widget elementor-widget-image-box\" data-id=\"f801ca1\" data-element_type=\"widget\" data-settings=\"{&quot;_animation&quot;:&quot;zoomIn&quot;}\" data-widget_type=\"image-box.default\">\n\t\t\t\t\t<div class=\"elementor-image-box-wrapper\"><div class=\"elementor-image-box-content\"><h3 class=\"elementor-image-box-title\">Traslados a aeropuertos y estaciones<\/h3><p class=\"elementor-image-box-description\">Garantizamos traslados r\u00e1pidos y seguros a aeropuertos (Santander, Bilbao) y estaciones (Renfe, Feve) desde Suances en taxi 8\u202fplazas. Conductor profesional y atenci\u00f3n personalizada.<\/p><\/div><\/div>\t\t\t\t<\/div>\n\t\t\t\t\t<\/div>\n\t\t<\/div>\n\t\t\t\t<div class=\"elementor-column elementor-col-25 elementor-inner-column elementor-element elementor-element-8b98b4f\" data-id=\"8b98b4f\" data-element_type=\"column\">\n\t\t\t<div class=\"elementor-widget-wrap elementor-element-populated\">\n\t\t\t\t\t\t<div class=\"elementor-element elementor-element-3650569 elementor-invisible elementor-widget elementor-widget-image-box\" data-id=\"3650569\" data-element_type=\"widget\" data-settings=\"{&quot;_animation&quot;:&quot;zoomIn&quot;}\" data-widget_type=\"image-box.default\">\n\t\t\t\t\t<div class=\"elementor-image-box-wrapper\"><div class=\"elementor-image-box-content\"><h3 class=\"elementor-image-box-title\">Traslados a hospitales y cl\u00ednicas<\/h3><p class=\"elementor-image-box-description\">Facilitamos traslados a hospitales y cl\u00ednicas con veh\u00edculo adaptado, seguridad sanitaria, puntualidad y asistencia personalizada. Punto de recogida flexible, coordinaci\u00f3n m\u00e9dica y facturaci\u00f3n transparente.<\/p><\/div><\/div>\t\t\t\t<\/div>\n\t\t\t\t\t<\/div>\n\t\t<\/div>\n\t\t\t\t<div class=\"elementor-column elementor-col-25 elementor-inner-column elementor-element elementor-element-041d5b5\" data-id=\"041d5b5\" data-element_type=\"column\">\n\t\t\t<div class=\"elementor-widget-wrap elementor-element-populated\">\n\t\t\t\t\t\t<div class=\"elementor-element elementor-element-8708a72 elementor-invisible elementor-widget elementor-widget-image-box\" data-id=\"8708a72\" data-element_type=\"widget\" data-settings=\"{&quot;_animation&quot;:&quot;zoomIn&quot;}\" data-widget_type=\"image-box.default\">\n\t\t\t\t\t<div class=\"elementor-image-box-wrapper\"><div class=\"elementor-image-box-content\"><h3 class=\"elementor-image-box-title\">Eventos, bodas y celebraciones<\/h3><p class=\"elementor-image-box-description\">Disfruta de traslados exclusivos para bodas y celebraciones en Suances con taxi premium, climatizaci\u00f3n, wifi a bordo y ch\u00f3fer experimentado. Solicita tu presupuesto sin compromiso.<\/p><\/div><\/div>\t\t\t\t<\/div>\n\t\t\t\t\t<\/div>\n\t\t<\/div>\n\t\t\t\t\t<\/div>\n\t\t<\/section>\n\t\t\t\t\t<\/div>\n\t\t<\/div>\n\t\t\t\t\t<\/div>\n\t\t<\/section>\n\t\t\t\t<section class=\"elementor-section elementor-top-section elementor-element elementor-element-29052f290 elementor-section-boxed elementor-section-height-default elementor-section-height-default wpr-particle-no wpr-jarallax-no wpr-parallax-no wpr-sticky-section-no\" data-id=\"29052f290\" data-element_type=\"section\" data-settings=\"{&quot;background_background&quot;:&quot;classic&quot;}\">\n\t\t\t\t\t\t<div class=\"elementor-container elementor-column-gap-default\">\n\t\t\t\t\t<div class=\"elementor-column elementor-col-20 elementor-top-column elementor-element elementor-element-2f1bc5e4\" data-id=\"2f1bc5e4\" data-element_type=\"column\">\n\t\t\t<div class=\"elementor-widget-wrap elementor-element-populated\">\n\t\t\t\t\t\t<div class=\"elementor-element elementor-element-46651b41 wpr-logo-position-center elementor-widget elementor-widget-wpr-logo\" data-id=\"46651b41\" data-element_type=\"widget\" data-widget_type=\"wpr-logo.default\">\n\t\t\t\t\t\t\t\t\n\t\t\t<div class=\"wpr-logo elementor-clearfix\">\n\n\t\t\t\t\t\t\t\t<picture class=\"wpr-logo-image\">\n\t\t\t\t\t\t\t\t\t\t<source media=\"(max-width: 767px)\" srcset=\"https:\/\/taxisuances8plazas.es\/wp-content\/uploads\/2025\/07\/Diseno-sin-titulo-15-e1751579256530.png\">\t\n\t\t\t\t\t\n\t\t\t\t\t\t\t\t\t\t<source srcset=\"https:\/\/taxisuances8plazas.es\/wp-content\/uploads\/2025\/07\/Diseno-sin-titulo-15-e1751579256530.png 1x, https:\/\/taxisuances8plazas.es\/wp-content\/uploads\/2025\/07\/Diseno-sin-titulo-15-e1751579256530.png 2x\">\t\n\t\t\t\t\t\t\t\t\t\t\n\t\t\t\t\t<img decoding=\"async\" src=\"https:\/\/taxisuances8plazas.es\/wp-content\/uploads\/2025\/07\/Diseno-sin-titulo-15-e1751579256530.png\" alt=\"\">\n\n\t\t\t\t\t\t\t\t\t\t\t<a class=\"wpr-logo-url\" rel=\"home\" aria-label=\"\" href=\"https:\/\/taxisuances8plazas.es\/\"><\/a>\n\t\t\t\t\t\t\t\t\t<\/picture>\n\t\t\t\t\n\t\t\t\t\n\t\t\t\t\t\t\t\t\t<a class=\"wpr-logo-url\" rel=\"home\" aria-label=\"\" href=\"https:\/\/taxisuances8plazas.es\/\"><\/a>\n\t\t\t\t\n\t\t\t<\/div>\n\t\t\t\t\n\t\t\t\t\t\t<\/div>\n\t\t\t\t<div class=\"elementor-element elementor-element-5cfd5307 elementor-widget elementor-widget-text-editor\" data-id=\"5cfd5307\" data-element_type=\"widget\" data-widget_type=\"text-editor.default\">\n\t\t\t\t\t\t\t\t\t<p>Servicio de taxi 8\u202fplazas en Suances: veh\u00edculo premium, c\u00f3modo y espacioso con conductor profesional y asistencia 24\/7.<\/p>\t\t\t\t\t\t\t\t<\/div>\n\t\t\t\t<div class=\"elementor-element elementor-element-1b3c89d0 elementor-hidden-mobile elementor-widget elementor-widget-text-editor\" data-id=\"1b3c89d0\" data-element_type=\"widget\" data-widget_type=\"text-editor.default\">\n\t\t\t\t\t\t\t\t\t<p>\u00a9 2025 Taxi Suances<\/p>\t\t\t\t\t\t\t\t<\/div>\n\t\t\t\t\t<\/div>\n\t\t<\/div>\n\t\t\t\t<div class=\"elementor-column elementor-col-20 elementor-top-column elementor-element elementor-element-49dba19 elementor-hidden-desktop elementor-hidden-tablet\" data-id=\"49dba19\" data-element_type=\"column\">\n\t\t\t<div class=\"elementor-widget-wrap elementor-element-populated\">\n\t\t\t\t\t\t<div class=\"elementor-element elementor-element-461cf2b4 elementor-hidden-desktop elementor-hidden-tablet elementor-widget elementor-widget-heading\" data-id=\"461cf2b4\" data-element_type=\"widget\" data-widget_type=\"heading.default\">\n\t\t\t\t\t<h2 class=\"elementor-heading-title elementor-size-default\">Contacto<\/h2>\t\t\t\t<\/div>\n\t\t\t\t<div class=\"elementor-element elementor-element-69e410e4 elementor-hidden-desktop elementor-hidden-tablet elementor-widget elementor-widget-text-editor\" data-id=\"69e410e4\" data-element_type=\"widget\" data-widget_type=\"text-editor.default\">\n\t\t\t\t\t\t\t\t\t<p>(+34) 629 76 22 11<br \/>Plaza de Viares, 1 C.P. 39340, Suances.<\/p>\t\t\t\t\t\t\t\t<\/div>\n\t\t\t\t\t<\/div>\n\t\t<\/div>\n\t\t\t\t<div class=\"elementor-column elementor-col-20 elementor-top-column elementor-element elementor-element-1d63b50a elementor-hidden-tablet elementor-hidden-mobile\" data-id=\"1d63b50a\" data-element_type=\"column\">\n\t\t\t<div class=\"elementor-widget-wrap elementor-element-populated\">\n\t\t\t\t\t\t<div class=\"elementor-element elementor-element-2fd982ba elementor-widget elementor-widget-heading\" data-id=\"2fd982ba\" data-element_type=\"widget\" data-widget_type=\"heading.default\">\n\t\t\t\t\t<h2 class=\"elementor-heading-title elementor-size-default\">Servicios<\/h2>\t\t\t\t<\/div>\n\t\t\t\t<div class=\"elementor-element elementor-element-2e20ae0 elementor-widget elementor-widget-heading\" data-id=\"2e20ae0\" data-element_type=\"widget\" data-widget_type=\"heading.default\">\n\t\t\t\t\t<p class=\"elementor-heading-title elementor-size-default\">Taxi de Suances a Santander<\/p>\t\t\t\t<\/div>\n\t\t\t\t<div class=\"elementor-element elementor-element-2aaca35d elementor-widget elementor-widget-heading\" data-id=\"2aaca35d\" data-element_type=\"widget\" data-widget_type=\"heading.default\">\n\t\t\t\t\t<p class=\"elementor-heading-title elementor-size-default\">Taxi de Suances a Bilbao<\/p>\t\t\t\t<\/div>\n\t\t\t\t<div class=\"elementor-element elementor-element-6aa384cb elementor-widget elementor-widget-heading\" data-id=\"6aa384cb\" data-element_type=\"widget\" data-widget_type=\"heading.default\">\n\t\t\t\t\t<p class=\"elementor-heading-title elementor-size-default\">Taxi de Suances a Le\u00f3n<\/p>\t\t\t\t<\/div>\n\t\t\t\t<div class=\"elementor-element elementor-element-641a116a elementor-widget elementor-widget-heading\" data-id=\"641a116a\" data-element_type=\"widget\" data-widget_type=\"heading.default\">\n\t\t\t\t\t<p class=\"elementor-heading-title elementor-size-default\">Taxi de Suances a Madrid<\/p>\t\t\t\t<\/div>\n\t\t\t\t<div class=\"elementor-element elementor-element-ca1add2 elementor-widget elementor-widget-heading\" data-id=\"ca1add2\" data-element_type=\"widget\" data-widget_type=\"heading.default\">\n\t\t\t\t\t<p class=\"elementor-heading-title elementor-size-default\">Taxi  aeropuerto de Santander<\/p>\t\t\t\t<\/div>\n\t\t\t\t<div class=\"elementor-element elementor-element-27528af elementor-widget elementor-widget-heading\" data-id=\"27528af\" data-element_type=\"widget\" data-widget_type=\"heading.default\">\n\t\t\t\t\t<p class=\"elementor-heading-title elementor-size-default\">Taxi aeropuerto de Bilbao<\/p>\t\t\t\t<\/div>\n\t\t\t\t\t<\/div>\n\t\t<\/div>\n\t\t\t\t<div class=\"elementor-column elementor-col-20 elementor-top-column elementor-element elementor-element-46c6b336\" data-id=\"46c6b336\" data-element_type=\"column\">\n\t\t\t<div class=\"elementor-widget-wrap elementor-element-populated\">\n\t\t\t\t\t\t<div class=\"elementor-element elementor-element-b5c706c elementor-widget elementor-widget-heading\" data-id=\"b5c706c\" data-element_type=\"widget\" data-widget_type=\"heading.default\">\n\t\t\t\t\t<p class=\"elementor-heading-title elementor-size-default\">Aviso legal<\/p>\t\t\t\t<\/div>\n\t\t\t\t<div class=\"elementor-element elementor-element-66403c30 elementor-widget elementor-widget-heading\" data-id=\"66403c30\" data-element_type=\"widget\" data-widget_type=\"heading.default\">\n\t\t\t\t\t<p class=\"elementor-heading-title elementor-size-default\">Pol\u00edtica de cookies<\/p>\t\t\t\t<\/div>\n\t\t\t\t<div class=\"elementor-element elementor-element-63b89b59 elementor-widget elementor-widget-heading\" data-id=\"63b89b59\" data-element_type=\"widget\" data-widget_type=\"heading.default\">\n\t\t\t\t\t<p class=\"elementor-heading-title elementor-size-default\">Pol\u00edtica de privacidad<\/p>\t\t\t\t<\/div>\n\t\t\t\t<div class=\"elementor-element elementor-element-9d2c091 elementor-hidden-desktop elementor-hidden-tablet elementor-widget elementor-widget-text-editor\" data-id=\"9d2c091\" data-element_type=\"widget\" data-widget_type=\"text-editor.default\">\n\t\t\t\t\t\t\t\t\t<p>\u00a9 2025 Taxi Suances<\/p>\t\t\t\t\t\t\t\t<\/div>\n\t\t\t\t\t<\/div>\n\t\t<\/div>\n\t\t\t\t<div class=\"elementor-column elementor-col-20 elementor-top-column elementor-element elementor-element-8b3635f elementor-hidden-mobile\" data-id=\"8b3635f\" data-element_type=\"column\">\n\t\t\t<div class=\"elementor-widget-wrap elementor-element-populated\">\n\t\t\t\t\t\t<div class=\"elementor-element elementor-element-dde8e44 elementor-widget elementor-widget-heading\" data-id=\"dde8e44\" data-element_type=\"widget\" data-widget_type=\"heading.default\">\n\t\t\t\t\t<h2 class=\"elementor-heading-title elementor-size-default\">Contacto<\/h2>\t\t\t\t<\/div>\n\t\t\t\t<div class=\"elementor-element elementor-element-78ddba5 elementor-widget elementor-widget-text-editor\" data-id=\"78ddba5\" data-element_type=\"widget\" data-widget_type=\"text-editor.default\">\n\t\t\t\t\t\t\t\t\t<p>(+34) 629 76 22 11<br \/>Plaza de Viares, 1 C.P. 39340, Suances.<\/p>\t\t\t\t\t\t\t\t<\/div>\n\t\t\t\t\t<\/div>\n\t\t<\/div>\n\t\t\t\t\t<\/div>\n\t\t<\/section>\n\t\t\t\t<\/div>\n\t\t","protected":false},"excerpt":{"rendered":"<p>629 76 22 11 SERVICIO EXCLUSIVO Taxi Premium en Suances Taxi en Suances 7 plazas + conductor. Mercedes Clase\u202fV ideal para grupos, familias y equipaje. Servicio de traslados al aeropuerto y rutas por Cantabria. Confort, puntualidad y atenci\u00f3n profesional garantizados. Reserva ahora Traslados para grupos Viaja con total comodidad en nuestro taxi grande ideal para familias, grupos o traslados de empresa. Con espacio para equipaje y sillas infantiles bajo demanda, disfrutar\u00e1s de un trayecto seguro hacia cualquier destino. Traslados a aeropuertos y estaciones Garantizamos traslados r\u00e1pidos y seguros a aeropuertos (Santander, Bilbao) y estaciones (Renfe, Feve) desde Suances en taxi 8\u202fplazas. Conductor profesional y atenci\u00f3n personalizada. Traslados a hospitales y cl\u00ednicas Facilitamos traslados a hospitales y cl\u00ednicas con veh\u00edculo adaptado, seguridad sanitaria, puntualidad y asistencia personalizada. Punto de recogida flexible, coordinaci\u00f3n m\u00e9dica y facturaci\u00f3n transparente. Eventos, bodas y celebraciones Disfruta de traslados exclusivos para bodas y celebraciones en Suances con taxi premium, climatizaci\u00f3n, wifi a bordo y ch\u00f3fer experimentado. Solicita tu presupuesto sin compromiso. Servicio de taxi 8\u202fplazas en Suances: veh\u00edculo premium, c\u00f3modo y espacioso con conductor profesional y asistencia 24\/7. \u00a9 2025 Taxi Suances Contacto (+34) 629 76 22 11Plaza de Viares, 1 C.P. 39340, Suances. Servicios Taxi de Suances a Santander Taxi de Suances a Bilbao Taxi de Suances a Le\u00f3n Taxi de Suances a Madrid Taxi aeropuerto de Santander Taxi aeropuerto de Bilbao Aviso legal Pol\u00edtica de cookies Pol\u00edtica de privacidad \u00a9 2025 Taxi Suances Contacto (+34) 629 76 22 11Plaza de Viares, 1 C.P. 39340, Suances.<\/p>\n","protected":false},"author":1,"featured_media":0,"parent":0,"menu_order":0,"comment_status":"closed","ping_status":"closed","template":"","meta":{"footnotes":""},"class_list":["post-87","page","type-page","status-publish","hentry"],"_links":{"self":[{"href":"https:\/\/taxisuances8plazas.es\/index.php?rest_route=\/wp\/v2\/pages\/87","targetHints":{"allow":["GET"]}}],"collection":[{"href":"https:\/\/taxisuances8plazas.es\/index.php?rest_route=\/wp\/v2\/pages"}],"about":[{"href":"https:\/\/taxisuances8plazas.es\/index.php?rest_route=\/wp\/v2\/types\/page"}],"author":[{"embeddable":true,"href":"https:\/\/taxisuances8plazas.es\/index.php?rest_route=\/wp\/v2\/users\/1"}],"replies":[{"embeddable":true,"href":"https:\/\/taxisuances8plazas.es\/index.php?rest_route=%2Fwp%2Fv2%2Fcomments&post=87"}],"version-history":[{"count":52,"href":"https:\/\/taxisuances8plazas.es\/index.php?rest_route=\/wp\/v2\/pages\/87\/revisions"}],"predecessor-version":[{"id":178,"href":"https:\/\/taxisuances8plazas.es\/index.php?rest_route=\/wp\/v2\/pages\/87\/revisions\/178"}],"wp:attachment":[{"href":"https:\/\/taxisuances8plazas.es\/index.php?rest_route=%2Fwp%2Fv2%2Fmedia&parent=87"}],"curies":[{"name":"wp","href":"https:\/\/api.w.org\/{rel}","templated":true}]}}